{"id":2732,"date":"2024-02-19T16:17:39","date_gmt":"2024-02-19T15:17:39","guid":{"rendered":"https:\/\/www.fincasgonzalez.com\/assessoria-fiscal-contable-barcelona\/"},"modified":"2024-02-21T08:53:17","modified_gmt":"2024-02-21T07:53:17","slug":"assessoria-fiscal-contable-barcelona","status":"publish","type":"page","link":"https:\/\/www.fincasgonzalez.com\/ca\/assessoria-fiscal-contable-barcelona\/","title":{"rendered":"Assessoria Fiscal Contable Barcelona"},"content":{"rendered":"<div class=\"wpb-content-wrapper\"><p>[vc_row][vc_column][vc_empty_space][vc_column_text]RPGROUP ofereix assessorament permanent i puntual a totes les mat\u00e8ries i necessitats de cada client.[\/vc_column_text][vc_row_inner el_id=&#8221;cont&#8221;][vc_column_inner width=&#8221;1\/2&#8243;][vc_column_text]<\/p>\n<h2><strong>Gesti\u00f3 comptable<\/strong><\/h2>\n<p>&nbsp;<\/p>\n<p>Gesti\u00f3 comptable<\/p>\n<p>Confecci\u00f3 llibres oficials de comptabilitat<\/p>\n<p>Elaboraci\u00f3 i presentaci\u00f3 de comptes anuals.<\/p>\n<p><strong> <\/strong>[\/vc_column_text][\/vc_column_inner][vc_column_inner width=&#8221;1\/2&#8243;][vc_single_image image=&#8221;2432&#8243; img_size=&#8221;full&#8221; alignment=&#8221;center&#8221;][\/vc_column_inner][\/vc_row_inner][vc_row_inner el_id=&#8221;trib&#8221;][vc_column_inner width=&#8221;1\/2&#8243;][vc_single_image image=&#8221;2422&#8243; img_size=&#8221;full&#8221; alignment=&#8221;center&#8221;][\/vc_column_inner][vc_column_inner width=&#8221;1\/2&#8243;][vc_column_text]<\/p>\n<h2><strong>Gesti\u00f3 fiscal i tribut\u00e0ria<\/strong><\/h2>\n<p>&nbsp;<\/p>\n<p>Confecci\u00f3 i liquidaci\u00f3 de les declaracions dimpostos. Presentaci\u00f3 telem\u00e0tica de tota la documentaci\u00f3 i obligacions inherents a cada activitat. Informaci\u00f3 i actualitzaci\u00f3 permanent de les novetats en mat\u00e8ria fiscal.<\/p>\n<p>&nbsp;<\/p>\n<p>Declaraci\u00f3 de l&#8217;impost sobre la renda de les persones f\u00edsiques i impost sobre el patrimoni. Assist\u00e8ncia en els procediments davant dels \u00f2rgans dInspecci\u00f3 Tribut\u00e0ria.<\/p>\n<p>&nbsp;<\/p>\n<p>Altes, baixes, modificacions d&#8217;obligacions fiscals. Constituci\u00f3 de societats.[\/vc_column_text][\/vc_column_inner][\/vc_row_inner][vc_row_inner el_id=&#8221;ele&#8221;][vc_column_inner width=&#8221;1\/2&#8243;][vc_column_text]<\/p>\n<h2><strong>Oficina Virtual Notificacions Electr\u00f2niques<\/strong><\/h2>\n<p>&nbsp;<\/p>\n<p>Mitjan\u00e7ant aquest enlla\u00e7 directe amb lAg\u00e8ncia Tribut\u00e0ria es realitzar\u00e0 la presentaci\u00f3 de tota la documentaci\u00f3 inherent a lactivitat.<\/p>\n<p>&nbsp;<\/p>\n<p>Obtenci\u00f3 del certificat digital per a empreses i aut\u00f2noms, recepci\u00f3 i gesti\u00f3 de Notificacions Electr\u00f2niques de les entitats principals, com ara Hisenda, Seguretat Social, Ajuntaments, Generalitat de Catalunya i la DGT.[\/vc_column_text][\/vc_column_inner][vc_column_inner width=&#8221;1\/2&#8243;][vc_single_image image=&#8221;2428&#8243; img_size=&#8221;full&#8221; alignment=&#8221;center&#8221;][\/vc_column_inner][\/vc_row_inner][\/vc_column][\/vc_row][vc_row][vc_column][vc_column_text]<\/p>\n<p>[\/vc_column_text][\/vc_column][\/vc_row]<\/p>\n<\/div>","protected":false},"excerpt":{"rendered":"<p>[vc_row][vc_column][vc_empty_space][vc_column_text]RPGROUP ofereix assessorament permanent i puntual a totes les mat\u00e8ries i necessitats de cada client.[\/vc_column_text][vc_row_inner el_id=&#8221;cont&#8221;][vc_column_inner width=&#8221;1\/2&#8243;][vc_column_text] Gesti\u00f3 comptable &nbsp; Gesti\u00f3 comptable Confecci\u00f3 llibres oficials de<span class=\"excerpt-hellip\"> [\u2026]<\/span><\/p>\n","protected":false},"author":6,"featured_media":0,"parent":0,"menu_order":0,"comment_status":"open","ping_status":"closed","template":"","meta":{"footnotes":""},"class_list":["post-2732","page","type-page","status-publish","hentry"],"_links":{"self":[{"href":"https:\/\/www.fincasgonzalez.com\/ca\/wp-json\/wp\/v2\/pages\/2732","targetHints":{"allow":["GET"]}}],"collection":[{"href":"https:\/\/www.fincasgonzalez.com\/ca\/wp-json\/wp\/v2\/pages"}],"about":[{"href":"https:\/\/www.fincasgonzalez.com\/ca\/wp-json\/wp\/v2\/types\/page"}],"author":[{"embeddable":true,"href":"https:\/\/www.fincasgonzalez.com\/ca\/wp-json\/wp\/v2\/users\/6"}],"replies":[{"embeddable":true,"href":"https:\/\/www.fincasgonzalez.com\/ca\/wp-json\/wp\/v2\/comments?post=2732"}],"version-history":[{"count":5,"href":"https:\/\/www.fincasgonzalez.com\/ca\/wp-json\/wp\/v2\/pages\/2732\/revisions"}],"predecessor-version":[{"id":2819,"href":"https:\/\/www.fincasgonzalez.com\/ca\/wp-json\/wp\/v2\/pages\/2732\/revisions\/2819"}],"wp:attachment":[{"href":"https:\/\/www.fincasgonzalez.com\/ca\/wp-json\/wp\/v2\/media?parent=2732"}],"curies":[{"name":"wp","href":"https:\/\/api.w.org\/{rel}","templated":true}]}}