{"id":2834,"date":"2024-02-21T16:13:18","date_gmt":"2024-02-21T15:13:18","guid":{"rendered":"https:\/\/www.fincasgonzalez.com\/sobre-nosaltres\/"},"modified":"2024-02-21T16:13:42","modified_gmt":"2024-02-21T15:13:42","slug":"sobre-nosaltres","status":"publish","type":"page","link":"https:\/\/www.fincasgonzalez.com\/ca\/sobre-nosaltres\/","title":{"rendered":"Sobre Nosaltres"},"content":{"rendered":"<div class=\"wpb-content-wrapper\"><p>[vc_row el_id=&#8221;vert&#8221;][vc_column width=&#8221;1\/2&#8243; css=&#8221;.vc_custom_1588259168286{padding-right: 30px !important;}&#8221;][vc_empty_space][vc_column_text]<\/p>\n<h2>Sobre RPG Group<\/h2>\n<p>Fundada el 1995, som una empresa dedicada a l&#8217;Administraci\u00f3 de Finques ia l&#8217;Assessoria fiscal \u2013 laboral \u2013 comptable en l&#8217;\u00e0mbit de la gesti\u00f3 d&#8217;empreses i aut\u00f2noms.<\/p>\n<p>Comptem amb la garantia de professionals i membres del Col\u00b7legi d&#8217;Administradors de Finques i Col\u00b7legi d&#8217;Economistes, amb una \u00e0mplia experi\u00e8ncia al sector.<\/p>\n<p>Actualitzem cont\u00ednuament els nostres sistemes, adaptant-nos a les noves tecnologies aconseguint poder atendre les necessitats de qualsevol comunitat de propietaris, empresa o aut\u00f2nom sense importar-ne la ubicaci\u00f3.<\/p>\n<p>Consulteu les diferents \u00e0rees a qu\u00e8 ens dediquem:<\/p>\n<ul>\n<li><a href=\"http:\/\/www.fincasgonzalez.com\/administracion-de-fincas\/\">Assessoria i Administraci\u00f3 de Finques<\/a><\/li>\n<li><a href=\"http:\/\/www.fincasgonzalez.com\/area-fiscal-contable\/\">\u00c0rea Fiscal &#8211; Comptable<\/a><\/li>\n<li><a href=\"http:\/\/www.fincasgonzalez.com\/area-laboral\/\">\u00c0rea Laboral<\/a><\/li>\n<li><a href=\"http:\/\/www.fincasgonzalez.com\/area-juridica\/\">\u00c0rea Jur\u00eddica<\/a><\/li>\n<li><a href=\"http:\/\/www.fincasgonzalez.com\/area-inmobiliaria\/\">Immobili\u00e0ria<\/a><\/li>\n<\/ul>\n<p>[\/vc_column_text][\/vc_column][vc_column width=&#8221;1\/2&#8243;][vc_empty_space][vc_single_image image=&#8221;2398&#8243; img_size=&#8221;full&#8221;][\/vc_column][\/vc_row]<\/p>\n<\/div>","protected":false},"excerpt":{"rendered":"<p>[vc_row el_id=&#8221;vert&#8221;][vc_column width=&#8221;1\/2&#8243; css=&#8221;.vc_custom_1588259168286{padding-right: 30px !important;}&#8221;][vc_empty_space][vc_column_text] Sobre RPG Group Fundada el 1995, som una empresa dedicada a l&#8217;Administraci\u00f3 de Finques ia l&#8217;Assessoria fiscal \u2013 laboral \u2013<span class=\"excerpt-hellip\"> [\u2026]<\/span><\/p>\n","protected":false},"author":6,"featured_media":0,"parent":0,"menu_order":0,"comment_status":"open","ping_status":"open","template":"","meta":{"footnotes":""},"class_list":["post-2834","page","type-page","status-publish","hentry"],"_links":{"self":[{"href":"https:\/\/www.fincasgonzalez.com\/ca\/wp-json\/wp\/v2\/pages\/2834","targetHints":{"allow":["GET"]}}],"collection":[{"href":"https:\/\/www.fincasgonzalez.com\/ca\/wp-json\/wp\/v2\/pages"}],"about":[{"href":"https:\/\/www.fincasgonzalez.com\/ca\/wp-json\/wp\/v2\/types\/page"}],"author":[{"embeddable":true,"href":"https:\/\/www.fincasgonzalez.com\/ca\/wp-json\/wp\/v2\/users\/6"}],"replies":[{"embeddable":true,"href":"https:\/\/www.fincasgonzalez.com\/ca\/wp-json\/wp\/v2\/comments?post=2834"}],"version-history":[{"count":5,"href":"https:\/\/www.fincasgonzalez.com\/ca\/wp-json\/wp\/v2\/pages\/2834\/revisions"}],"predecessor-version":[{"id":2839,"href":"https:\/\/www.fincasgonzalez.com\/ca\/wp-json\/wp\/v2\/pages\/2834\/revisions\/2839"}],"wp:attachment":[{"href":"https:\/\/www.fincasgonzalez.com\/ca\/wp-json\/wp\/v2\/media?parent=2834"}],"curies":[{"name":"wp","href":"https:\/\/api.w.org\/{rel}","templated":true}]}}